{"id":301,"date":"2016-01-13T10:10:06","date_gmt":"2016-01-13T09:10:06","guid":{"rendered":"http:\/\/sde.splet.arnes.si\/?page_id=301"},"modified":"2020-09-15T22:36:01","modified_gmt":"2020-09-15T20:36:01","slug":"dohodnina","status":"publish","type":"page","link":"https:\/\/www.sde.si\/?page_id=301","title":{"rendered":"Dohodnina"},"content":{"rendered":"<div class=\"summary\">\n<p>Drage prijateljice in prijatelji, spo\u0161tovane podpornice in podporniki!<\/p>\n<p>Lepo vas prosimo za pomo\u010d.\u00a0Zavezanci za dohodnino lahko namre\u010d zahtevajo, da se do 0,5 % dohodnine, odmerjene od dohodkov, ki se v\u0161tevajo v letno dav\u010dno osnovo, nameni enemu ali najve\u010d petim upravi\u010dencem, ki so objavljeni na \u00a0Seznamu upravi\u010dencev do donacij za leto 2016. Na seznamu je tudi <strong>Slovensko dru\u0161tvo za estetiko<\/strong>, ki mu tudi na ta na\u010din lahko pomagate k bolj\u0161emu delovanju.<\/p>\n<p>Na\u0161a dav\u010dna \u0161tevilka je\u00a0<strong>47814705<\/strong>.<\/p>\n<\/div>\n<div class=\"txt\">\n<div>\n<p>Zahtevo za namenitev dela dohodnine za donacije je mo\u017eno oddati kadar koli preko sistema <a href=\"http:\/\/edavki.durs.si\/OpenPortal\/Pages\/StartPage\/StartPage.aspx\" target=\"_blank\" rel=\"noopener noreferrer\">eDavki<\/a>, <a href=\"http:\/\/www.fu.gov.si\/kontakti\/\" target=\"_blank\" rel=\"noopener noreferrer\">pisno po po\u0161ti<\/a>\u00a0ali osebno. \u00a0<a href=\"https:\/\/edavki.durs.si\/EdavkiPortal\/OpenPortal\/CommonPages\/Opdynp\/PageD.aspx?category=namenitev_dela_dohodnine_fo\" target=\"_blank\" rel=\"noopener noreferrer\">Obrazec zahteve<\/a> je objavljen na spletni strani Finan\u010dne uprave RS. Na povezavi ga lahko <a href=\"https:\/\/edavki.durs.si\/OpenPortal\/Dokumenti\/doh_don.i.sl.pdf\" target=\"_blank\" rel=\"noopener noreferrer\">prenesete in natisnete<\/a>.<\/p>\n<p><strong>Vlo\u017eena zahteva velja do preklica ali do spremembe zahteve. To pomeni, da zavezancu za dohodnino ni treba vsako leto vlagati nove zahteve.<\/strong> Vlo\u017ei jo le takrat, \u010de jo vlaga prvi\u010d ali \u010de \u017eeli del dohodnine za donacije nameniti komu drugemu.<\/p>\n<p>Veseli bomo va\u0161e podpore!<\/p>\n<\/div>\n<\/div>\n","protected":false},"excerpt":{"rendered":"<p>Drage prijateljice in prijatelji, spo\u0161tovane podpornice in podporniki! Lepo vas prosimo za pomo\u010d.\u00a0Zavezanci za dohodnino lahko namre\u010d zahtevajo, da se do 0,5 % dohodnine, odmerjene od dohodkov, ki se v\u0161tevajo v letno dav\u010dno osnovo, nameni enemu ali najve\u010d petim upravi\u010dencem, ki so objavljeni na \u00a0Seznamu upravi\u010dencev do donacij za leto 2016. Na seznamu je tudi [&hellip;]<\/p>\n","protected":false},"author":5743,"featured_media":0,"parent":0,"menu_order":0,"comment_status":"closed","ping_status":"closed","template":"","meta":{"ngg_post_thumbnail":0,"footnotes":""},"class_list":["post-301","page","type-page","status-publish","hentry"],"_links":{"self":[{"href":"https:\/\/www.sde.si\/index.php?rest_route=\/wp\/v2\/pages\/301","targetHints":{"allow":["GET"]}}],"collection":[{"href":"https:\/\/www.sde.si\/index.php?rest_route=\/wp\/v2\/pages"}],"about":[{"href":"https:\/\/www.sde.si\/index.php?rest_route=\/wp\/v2\/types\/page"}],"author":[{"embeddable":true,"href":"https:\/\/www.sde.si\/index.php?rest_route=\/wp\/v2\/users\/5743"}],"replies":[{"embeddable":true,"href":"https:\/\/www.sde.si\/index.php?rest_route=%2Fwp%2Fv2%2Fcomments&post=301"}],"version-history":[{"count":9,"href":"https:\/\/www.sde.si\/index.php?rest_route=\/wp\/v2\/pages\/301\/revisions"}],"predecessor-version":[{"id":473,"href":"https:\/\/www.sde.si\/index.php?rest_route=\/wp\/v2\/pages\/301\/revisions\/473"}],"wp:attachment":[{"href":"https:\/\/www.sde.si\/index.php?rest_route=%2Fwp%2Fv2%2Fmedia&parent=301"}],"curies":[{"name":"wp","href":"https:\/\/api.w.org\/{rel}","templated":true}]}}