{"id":328,"date":"2017-10-02T11:29:46","date_gmt":"2017-10-02T09:29:46","guid":{"rendered":"http:\/\/sde.splet.arnes.si\/?page_id=328"},"modified":"2017-10-02T11:29:46","modified_gmt":"2017-10-02T09:29:46","slug":"clanarina","status":"publish","type":"page","link":"https:\/\/www.sde.si\/?page_id=328","title":{"rendered":"\u010clanarina"},"content":{"rendered":"<p>Podatki za \u010dlanarino<\/p>\n<p>IME: Slovensko dru\u0161tvo za estetiko<br \/>\nNASLOV: Gosposka 13, 1000 Ljubljana<br \/>\nNAMEN: \u010clanarina\u00a0[leto]<br \/>\nZNESEK: 20,00 EUR<br \/>\nIBAN: SI56 0510 0801 5249 653<br \/>\nBIC:\u00a0ABANSI2X<\/p>\n","protected":false},"excerpt":{"rendered":"<p>Podatki za \u010dlanarino IME: Slovensko dru\u0161tvo za estetiko NASLOV: Gosposka 13, 1000 Ljubljana NAMEN: \u010clanarina\u00a0[leto] ZNESEK: 20,00 EUR IBAN: SI56 0510 0801 5249 653 BIC:\u00a0ABANSI2X<\/p>\n","protected":false},"author":5743,"featured_media":0,"parent":0,"menu_order":0,"comment_status":"closed","ping_status":"closed","template":"","meta":{"ngg_post_thumbnail":0,"footnotes":""},"class_list":["post-328","page","type-page","status-publish","hentry"],"_links":{"self":[{"href":"https:\/\/www.sde.si\/index.php?rest_route=\/wp\/v2\/pages\/328","targetHints":{"allow":["GET"]}}],"collection":[{"href":"https:\/\/www.sde.si\/index.php?rest_route=\/wp\/v2\/pages"}],"about":[{"href":"https:\/\/www.sde.si\/index.php?rest_route=\/wp\/v2\/types\/page"}],"author":[{"embeddable":true,"href":"https:\/\/www.sde.si\/index.php?rest_route=\/wp\/v2\/users\/5743"}],"replies":[{"embeddable":true,"href":"https:\/\/www.sde.si\/index.php?rest_route=%2Fwp%2Fv2%2Fcomments&post=328"}],"version-history":[{"count":2,"href":"https:\/\/www.sde.si\/index.php?rest_route=\/wp\/v2\/pages\/328\/revisions"}],"predecessor-version":[{"id":419,"href":"https:\/\/www.sde.si\/index.php?rest_route=\/wp\/v2\/pages\/328\/revisions\/419"}],"wp:attachment":[{"href":"https:\/\/www.sde.si\/index.php?rest_route=%2Fwp%2Fv2%2Fmedia&parent=328"}],"curies":[{"name":"wp","href":"https:\/\/api.w.org\/{rel}","templated":true}]}}