{"id":44,"date":"2015-07-20T19:39:42","date_gmt":"2015-07-20T17:39:42","guid":{"rendered":"http:\/\/sde.splet.arnes.si\/?page_id=44"},"modified":"2015-11-27T18:27:46","modified_gmt":"2015-11-27T17:27:46","slug":"kolokviji-colloquiums","status":"publish","type":"page","link":"https:\/\/www.sde.si\/?page_id=44","title":{"rendered":"Kolokviji \/ colloquiums"},"content":{"rendered":"<table border=\"0\" width=\"996\" cellspacing=\"0\" align=\"left\">\n<tbody>\n<tr>\n<td class=\"dfwq\" align=\"left\" nowrap=\"nowrap\" bgcolor=\"#FFFFFF\"><strong class=\"sdg\">2014<\/strong><\/td>\n<td>mednarodni kolokvij \/ international colloquium: &#8220;Prebujanje lepote \/ Awakening Beauty&#8221;. Ljubljana v sodelovanju z National University of Ireland, Galway in Narodno galerijo. 20. Oktober.<\/td>\n<\/tr>\n<tr>\n<td class=\"dfwq\" align=\"left\" nowrap=\"nowrap\" bgcolor=\"#FFFFFF\"><strong class=\"sdg\">2013<\/strong><\/td>\n<td><span class=\"dfwq\"><a href=\"http:\/\/www.sde.si\/Publikacija_press-1.pdf\">mednarodni kolokvij \/ international colloquium: \u201cEstetika in vesolje \/ <span class=\"avf\">Aesthetics and Space<\/span>\u201d. <span class=\"ffffffffff\">Vitanje. 26. &#8211; 28. September.<\/span><\/a><\/span><\/td>\n<\/tr>\n<tr>\n<td class=\"dfwq\" align=\"left\" nowrap=\"nowrap\" bgcolor=\"#FFFFFF\"><strong><span class=\"dfwq\"><span class=\"sdg\">2012<\/span><\/span><\/strong><\/td>\n<td><span class=\"dfwq\"><a class=\"dfwq\" href=\"http:\/\/www.sde.si\/2012.html\">mednarodni kolokvij \/ international colloquium: \u201cPrese\u017ena umetnost: umetnost \u2013 znanost \u2013 filozofija \/ Surplus Art: Art \u2013 Science \u2013 Philosophy\u201d<\/a><a href=\"http:\/\/www.sde.si\/2011.html\">. <\/a><a class=\"sdg\" href=\"http:\/\/www.sde.si\/2011.html\"><span class=\"ffffffffff\">Ljubljana. 10. &#8211; 13. Oktober.<\/span><\/a><\/span><\/td>\n<\/tr>\n<tr>\n<td align=\"left\" nowrap=\"nowrap\" bgcolor=\"#FFFFFF\" width=\"63\"><strong>2011<\/strong><\/td>\n<td><a href=\"http:\/\/www.sde.si\/2011.html\">mednarodni kolokvij \/ international colloquium: \u201cSodobnost v umetnosti \/ Contemporaneity in Art\u201d<\/a>. Univerza na Primorskem, Znanstveno-raziskovalno sredi\u0161\u010de Koper. 2.\u20134. junij.<\/td>\n<\/tr>\n<tr>\n<td align=\"left\" nowrap=\"nowrap\" bgcolor=\"#FFFFFF\"><strong>2010\u00a0<\/strong><\/td>\n<td><a href=\"http:\/\/www.sde.si\/2010.html\">mednarodni kolokvij\/ international colloquium : \u201cUmetni\u0161ke revolucije \/ Artistic Revolutions\u201d.<\/a> Univerza na Primorskem, Znanstveno-raziskovalno sredi\u0161\u010de Koper. 3.\u20134. junij.<\/td>\n<\/tr>\n<tr>\n<td align=\"left\" nowrap=\"nowrap\" bgcolor=\"#FFFFFF\"><strong>2009<\/strong><\/td>\n<td><a href=\"http:\/\/www.sde.si\/2009.html\">mednarodni kolokvij \/ international colloquium : \u201cFilozofija umetnosti in literature: Kitajska-Slovenija, Slovenija-Kitajska \/ Philosophy of Art and Literature: China-Slovenia,Slovenia-China&#8221;<\/a>. UP FH\u0160, Koper. 11. in 12. junij.<\/td>\n<\/tr>\n<tr>\n<td align=\"left\" nowrap=\"nowrap\" bgcolor=\"#FFFFFF\"><strong>2008\u00a0<\/strong><\/td>\n<td><a href=\"http:\/\/www.sde.si\/2008.html\">mednarodni kolokvij \/ international colloquium: \u201cUmetnost, subverzija in norost \/ Art, Subversion, and Madness\u02dd<\/a>. Ljubljana, ZRC SAZU, Novi trg 4, 6.\u20138. november.<\/td>\n<\/tr>\n<tr>\n<td align=\"left\" nowrap=\"nowrap\" bgcolor=\"#FFFFFF\"><strong>2007 <\/strong><\/td>\n<td><a href=\"http:\/\/www.sde.si\/2007.html\">mednarodni kolokvij \/ international colloquium: \u201cEstetika na Slovenskem \/ Aesthetics in Slovenia \u201d<\/a>. Ljubljana, ZRC SAZU, Novi trg 4, 1. Nadstropje, 25. in 26. oktober.<\/td>\n<\/tr>\n<tr>\n<td align=\"left\" nowrap=\"nowrap\" bgcolor=\"#FFFFFF\" height=\"35\"><strong>2006<\/strong><\/td>\n<td><a href=\"http:\/\/www.sde.si\/2006.html\">pomladni kolokvij za \u0161tudente in \u0161tudentke \/ spring colloquium for students: \u201cUmetni\u0161ki svetovi \/ Art Worlds\u201d<\/a>. Moderna galerija, Ljubljana, 6. \u2013 7. april.<\/td>\n<\/tr>\n<tr>\n<td align=\"left\" nowrap=\"nowrap\" bgcolor=\"#FFFFFF\"><\/td>\n<td><a href=\"http:\/\/www.sde.si\/sredoz_kongres2006.html\">III. sredozemski kongres za estetiko: \u201cImaginacija, \u010dutnost in umetnost \/ Imagination, Sensuality, Art\u201d<\/a> (objavili smo zbornik s prispevki <a href=\"http:\/\/www.sde.si\/program_hr%202006.pdf\">pdf<\/a>.).<\/td>\n<\/tr>\n<tr>\n<td align=\"left\" nowrap=\"nowrap\" bgcolor=\"#FFFFFF\"><strong>2005<\/strong><\/td>\n<td width=\"929\"><a href=\"http:\/\/www.sde.si\/lociranje%20prostora%202005.html\">mednarodni kolokvij \/ international colloquium : &#8220;Lociranje prostora: mesto umetnosti \/ Location of Space: The Place of Art&#8221; <\/a>. Moderna galerija, Tom\u0161i\u010deva 14, Ljubljana. 20.-22. oktober 2005.<\/td>\n<\/tr>\n<tr>\n<td align=\"left\" nowrap=\"nowrap\" bgcolor=\"#FFFFFF\"><\/td>\n<td><a href=\"http:\/\/www.sde.si\/2005_za_studente.html\">mednarodni kolokvij za mlaj\u0161e \u010dlane SDE \/ international colloquium for students: \u201cU\u017eitek \/ Pleasure\u201d<\/a>. Celica, Metelkova, Ljubljana, March 31. \u2013 1.april.<\/td>\n<\/tr>\n<tr>\n<td align=\"left\" nowrap=\"nowrap\" bgcolor=\"#FFFFFF\"><strong>2004<\/strong><\/td>\n<td><a href=\"http:\/\/www.sde.si\/2004.html\">mednarodni kolokvij \/ international colloquium: \u201c Umetnost in njene strategije: med estetiko in politiko \/ Art and Its Strategies: Between Aesthetics and Politics&#8221;<\/a>. Dvorana Slovenskega gledali\u0161kega muzeja, Mestni trg 17, Ljubljana, 21.-23. oktober.<\/td>\n<\/tr>\n<tr>\n<td align=\"left\" nowrap=\"nowrap\" bgcolor=\"#FFFFFF\"><\/td>\n<td>mednarodni kolokvij za mlaj\u0161e \u010dlane SDE \/ international colloquium: \u201cUmetnost z druge strani \/Art from the Other Side&#8221;.<\/td>\n<\/tr>\n<tr>\n<td align=\"left\" nowrap=\"nowrap\" bgcolor=\"#FFFFFF\"><strong>2003<\/strong><\/td>\n<td><a href=\"http:\/\/www.sde.si\/2003_avantgarda.html\">mednarodni kolokvij ob 20. obletnici dru\u0161tva \/ international colloquium: &#8220;Umetni\u0161ka avantgarda danes \/ Artistic Avant-Garde Today<\/a>&#8220;. Mala dvorana ZRC SAZU, Novi trg 4, Ljubljana, 23.-25. oktober.<\/td>\n<\/tr>\n<tr>\n<td align=\"left\" nowrap=\"nowrap\" bgcolor=\"#FFFFFF\" height=\"62\"><\/td>\n<td><a href=\"http:\/\/www.sde.si\/2003_studentje_meje_umetnosti.html\">mednarodni kolokvij za mlaj\u0161e \u010dlane SDE \/ international colloquium: &#8220;Meje umetnosti \/ The Borders of Art&#8221;<\/a>. Mala dvorana ZRC SAZU, Novi trg 4, Ljubljana, 10.-11. april.<\/td>\n<\/tr>\n<tr>\n<td align=\"left\" nowrap=\"nowrap\" bgcolor=\"#FFFFFF\"><strong>2002<\/strong><\/td>\n<td><a href=\"http:\/\/www.sde.si\/2002.html\">mednarodni kolokvij \/ international colloquium: &#8220;Hegemonija v umetnosti in kulturi \/ Hegemony in Art and Culture&#8221;<\/a>. Pre\u0161ernova dvorana SAZU, Novi trg 4, Ljubljana, 7.-9. november.<\/td>\n<\/tr>\n<tr>\n<td align=\"left\" nowrap=\"nowrap\" bgcolor=\"#FFFFFF\"><\/td>\n<td><a href=\"http:\/\/www.sde.si\/2002_za_studente.html\">mednarodni kolokvij za mlaj\u0161e \u010dlane SDE \/ international colloquium: &#8220;Estetika in etika \/ Aesthetics and Ethics &#8220;<\/a>. Mala dvorana ZRC SAZU, Novi trg 4, Ljubljana, 11.-12. april.<\/td>\n<\/tr>\n<tr>\n<td align=\"left\" nowrap=\"nowrap\" bgcolor=\"#FFFFFF\"><strong>2001<\/strong><\/td>\n<td>mednarodni kolokvij \/ international colloquium: \u201cMarcel Duchamp: Aesthetics, Even\u201d.<\/td>\n<\/tr>\n<tr>\n<td align=\"left\" nowrap=\"nowrap\" bgcolor=\"#FFFFFF\"><\/td>\n<td>mednarodni kolokvij za mlaj\u0161e \u010dlane SDE \/ international colloquium: \u201cAesthetics and Beauty Today\u201d.<\/td>\n<\/tr>\n<tr>\n<td align=\"left\" nowrap=\"nowrap\" bgcolor=\"#FFFFFF\"><strong>2000\u00a0<\/strong><\/td>\n<td>mednarodni kolokvij \/ international colloquium: \u201cAesthetics as Philosophy of Culture\u201d.<\/td>\n<\/tr>\n<tr>\n<td align=\"left\" nowrap=\"nowrap\" bgcolor=\"#FFFFFF\"><\/td>\n<td>mednarodni kolokvij za mlaj\u0161e \u010dlane SDE \/ international colloquium: \u201cAesthetics Between Art and Culture\u201d.<\/td>\n<\/tr>\n<tr>\n<td align=\"left\" nowrap=\"nowrap\" bgcolor=\"#FFFFFF\"><strong>1999<\/strong><\/td>\n<td>mednarodni kolokvij \/ international colloquium: \u201cNew Normativity in Aesthetics\u201d.<\/td>\n<\/tr>\n<tr>\n<td align=\"left\" nowrap=\"nowrap\" bgcolor=\"#FFFFFF\"><\/td>\n<td>mednarodni kolokvij za mlaj\u0161e \u010dlane SDE \/ international colloquium: \u201cAt the End of XXth Century \u2013Aesthetics and\/or Art\u201d.<\/td>\n<\/tr>\n<tr>\n<td align=\"left\" nowrap=\"nowrap\" bgcolor=\"#FFFFFF\"><strong>1998\u00a0<\/strong><\/td>\n<td>XIV mednarodni kolokvij \/ international colloquium: \u201cEstetika kot filozofija \/ Aesthetics as Philosophy\u201d.<\/td>\n<\/tr>\n<tr>\n<td align=\"left\" nowrap=\"nowrap\" bgcolor=\"#FFFFFF\"><\/td>\n<td>mednarodni kolokvij za mlaj\u0161e \u010dlane SDE \/ international colloquium: \u201cAesthetics \u2013 Culture \u2013 Art\u201d.<\/td>\n<\/tr>\n<tr>\n<td align=\"left\" nowrap=\"nowrap\" bgcolor=\"#FFFFFF\"><strong>1997<\/strong><\/td>\n<td>mednarodni kolokvij \/ international colloquium: \u201cAesthetics and Philosophy of Culture: Local Perspectives\u201d.<\/td>\n<\/tr>\n<tr>\n<td align=\"left\" nowrap=\"nowrap\" bgcolor=\"#FFFFFF\"><\/td>\n<td>mednarodni kolokvij za mlaj\u0161e \u010dlane SDE \/ international colloquium : \u201cAesthetics\u201d.<\/td>\n<\/tr>\n<tr>\n<td align=\"left\" nowrap=\"nowrap\" bgcolor=\"#FFFFFF\"><strong>1996\u00a0<\/strong><\/td>\n<td>mednarodni kolokvij \/ international colloquium: \u201cPostsocialism in Art and Aesthetics\u201d.<\/td>\n<\/tr>\n<tr>\n<td align=\"left\" nowrap=\"nowrap\" bgcolor=\"#FFFFFF\"><\/td>\n<td>mednarodni kolokvij \/ international colloquium: \u201cPhilosophy of the Body: Merleau-Ponty\u201d.<\/td>\n<\/tr>\n<tr>\n<td align=\"left\" nowrap=\"nowrap\" bgcolor=\"#FFFFFF\"><strong>1994<\/strong><\/td>\n<td>mednarodni kolokvij \/ international colloquium: \u201cNormative Foundations of Aesthetics\u201d.<\/td>\n<\/tr>\n<tr>\n<td align=\"left\" nowrap=\"nowrap\" bgcolor=\"#FFFFFF\"><strong>1993\u00a0\u00a0<\/strong><\/td>\n<td>mednarodni kolokvij \/ international colloquium: \u201cAesthetics and Violence\u201d.<\/td>\n<\/tr>\n<tr>\n<td align=\"left\" nowrap=\"nowrap\" bgcolor=\"#FFFFFF\"><strong>1992<\/strong><\/td>\n<td>mednarodni kolokvij \/ international colloquium: \u201cFormalism\u201d.<\/td>\n<\/tr>\n<tr>\n<td align=\"left\" nowrap=\"nowrap\" bgcolor=\"#FFFFFF\"><strong>1991\u00a0<\/strong><\/td>\n<td>mednarodni kolokvij \/ international colloquium: \u201cCopying, Copying\u201d.<\/td>\n<\/tr>\n<tr>\n<td align=\"left\" nowrap=\"nowrap\" bgcolor=\"#FFFFFF\" height=\"35\"><strong>1990<\/strong><\/td>\n<td>mednarodni kolokvij \/ international colloquium: \u201cThe Form \/ Die Form\u201d.<\/td>\n<\/tr>\n<tr>\n<td align=\"left\" nowrap=\"nowrap\" bgcolor=\"#FFFFFF\"><strong>1989<\/strong><\/td>\n<td>mednarodni kolokvij \/ international colloquium: \u201cSubject in Postmodernism\u201d .<\/td>\n<\/tr>\n<tr>\n<td align=\"left\" nowrap=\"nowrap\" bgcolor=\"#FFFFFF\"><strong>1988\u00a0<\/strong><\/td>\n<td>mednarodni kolokvij \/ international colloquium : \u201cEstetika na Slovenskem\u201d.<\/td>\n<\/tr>\n<tr>\n<td align=\"left\" nowrap=\"nowrap\" bgcolor=\"#FFFFFF\"><\/td>\n<td>mednarodni kolokvij \/ international colloquium: \u201cGesamtkunstwerk \/ Universal Work of Art\u201d.<\/td>\n<\/tr>\n<tr>\n<td align=\"left\" nowrap=\"nowrap\" bgcolor=\"#FFFFFF\"><strong>1987<\/strong><\/td>\n<td>mednarodni kolokvij \/ international colloquium: \u201cMetaphor \/ Die Metapher\u201d.<\/td>\n<\/tr>\n<tr>\n<td align=\"left\" nowrap=\"nowrap\" bgcolor=\"#FFFFFF\"><strong>1986\u00a0\u00a0<\/strong><\/td>\n<td>mednarodni kolokvij \/ international colloquium: \u201cThe Coexistence of the Avant-Gardes\u201d.<\/td>\n<\/tr>\n<tr>\n<td align=\"left\" nowrap=\"nowrap\" bgcolor=\"#FFFFFF\"><strong>1985\u00a0<\/strong><\/td>\n<td>kolokvij: \u201cIzidor Cankar: \u017divljenje in delo\u201d.<\/td>\n<\/tr>\n<tr>\n<td align=\"left\" nowrap=\"nowrap\" bgcolor=\"#FFFFFF\"><strong>1984<\/strong><\/td>\n<td>kolokvij: \u201cSlovenska zgodovinska avantgarda, 1910-1930\u201d.<\/td>\n<\/tr>\n<tr>\n<td align=\"left\" nowrap=\"nowrap\" bgcolor=\"#FFFFFF\" height=\"66\"><strong>1984\u00a0\u00a0<\/strong><\/td>\n<td>kolokvij: \u201cRazgovor o estetiki\u201d.<\/td>\n<\/tr>\n<tr>\n<td align=\"left\" nowrap=\"nowrap\" bgcolor=\"#FFFFFF\"><strong>Nekateri<\/strong><\/td>\n<td><strong>pomembni dogodki za Slovensko dru\u0161tvo za estetiko<\/strong><\/td>\n<\/tr>\n<tr>\n<td align=\"left\" nowrap=\"nowrap\" bgcolor=\"#FFFFFF\"><strong>1983<\/strong><\/td>\n<td>Ustanovni ob\u010dni zbor Dru\u0161tva za estetiko; 22. november 1983.<\/td>\n<\/tr>\n<tr>\n<td align=\"left\" nowrap=\"nowrap\" bgcolor=\"#FFFFFF\"><strong>1985<\/strong><\/td>\n<td>Dru\u0161tvo za estetiko postane \u010dlan Mednarodnega zdru\u017eenja za estetiko; 9. julij 1985.<\/td>\n<\/tr>\n<tr>\n<td align=\"left\" nowrap=\"nowrap\" bgcolor=\"#FFFFFF\"><strong>1987<\/strong><\/td>\n<td>Dru\u0161tvo za estetiko se preimenuje v Slovensko dru\u0161tvo za estetiko.<\/td>\n<\/tr>\n<tr>\n<td align=\"left\" nowrap=\"nowrap\" bgcolor=\"#FFFFFF\" height=\"32\"><strong>1998<\/strong><\/td>\n<td>Ale\u0161 Erjavec je izvoljen za predsednika Mednarodnega zdru\u017eenja za estetiko (1998 &#8211; 2001).<\/td>\n<\/tr>\n<\/tbody>\n<\/table>\n<p>&nbsp;<\/p>\n","protected":false},"excerpt":{"rendered":"<p>2014 mednarodni kolokvij \/ international colloquium: &#8220;Prebujanje lepote \/ Awakening Beauty&#8221;. Ljubljana v sodelovanju z National University of Ireland, Galway in Narodno galerijo. 20. Oktober. 2013 mednarodni kolokvij \/ international colloquium: \u201cEstetika in vesolje \/ Aesthetics and Space\u201d. Vitanje. 26. &#8211; 28. September. 2012 mednarodni kolokvij \/ international colloquium: \u201cPrese\u017ena umetnost: umetnost \u2013 znanost \u2013 [&hellip;]<\/p>\n","protected":false},"author":5743,"featured_media":0,"parent":0,"menu_order":0,"comment_status":"closed","ping_status":"closed","template":"page-templates\/full-width.php","meta":{"ngg_post_thumbnail":0,"footnotes":""},"class_list":["post-44","page","type-page","status-publish","hentry"],"_links":{"self":[{"href":"https:\/\/www.sde.si\/index.php?rest_route=\/wp\/v2\/pages\/44","targetHints":{"allow":["GET"]}}],"collection":[{"href":"https:\/\/www.sde.si\/index.php?rest_route=\/wp\/v2\/pages"}],"about":[{"href":"https:\/\/www.sde.si\/index.php?rest_route=\/wp\/v2\/types\/page"}],"author":[{"embeddable":true,"href":"https:\/\/www.sde.si\/index.php?rest_route=\/wp\/v2\/users\/5743"}],"replies":[{"embeddable":true,"href":"https:\/\/www.sde.si\/index.php?rest_route=%2Fwp%2Fv2%2Fcomments&post=44"}],"version-history":[{"count":9,"href":"https:\/\/www.sde.si\/index.php?rest_route=\/wp\/v2\/pages\/44\/revisions"}],"predecessor-version":[{"id":224,"href":"https:\/\/www.sde.si\/index.php?rest_route=\/wp\/v2\/pages\/44\/revisions\/224"}],"wp:attachment":[{"href":"https:\/\/www.sde.si\/index.php?rest_route=%2Fwp%2Fv2%2Fmedia&parent=44"}],"curies":[{"name":"wp","href":"https:\/\/api.w.org\/{rel}","templated":true}]}}