{"id":46,"date":"2015-07-20T19:40:24","date_gmt":"2015-07-20T17:40:24","guid":{"rendered":"http:\/\/sde.splet.arnes.si\/?page_id=46"},"modified":"2015-11-27T18:37:05","modified_gmt":"2015-11-27T17:37:05","slug":"arhiv-archive","status":"publish","type":"page","link":"https:\/\/www.sde.si\/?page_id=46","title":{"rendered":"Arhiv \/ archive"},"content":{"rendered":"<p class=\"datum\" align=\"center\"><strong>2015<\/strong><\/p>\n<p class=\"datum\" style=\"text-align: left\" align=\"center\">27.-28 NOVEMBER 2015<\/p>\n<p class=\"datum\" style=\"text-align: left\" align=\"center\">Mednarodna \u00a0konferenca <strong>Estetski re\u017eim umetnosti: razse\u017enosti Ranci\u00e8rove teorije<br \/>\n<\/strong>International conference <strong><a href=\"http:\/\/sde.splet.arnes.si\/files\/2015\/07\/International-conference-Ranciere.pdf\" target=\"_blank\">The Aesthetic Regime of Art: Dimensions of Ranci\u00e8re\u2019s Theory<\/a><\/strong><\/p>\n<p class=\"datum\" align=\"center\"><strong>2014<\/strong><\/p>\n<p class=\"datum\" style=\"text-align: left\" align=\"center\">26. NOVEMBER 2014<\/p>\n<p class=\"datum\" style=\"text-align: left\" align=\"center\">Simpozij <a href=\"http:\/\/sde.splet.arnes.si\/?p=1\">Umetnost in marksisti\u010dna teorija v kontekstu kritike politi\u010dne ekonomije<\/a><\/p>\n<p class=\"datum1\">20. OKTOBER 2014<\/p>\n<p class=\"avf\"><strong>Kolokvij Prebujanje lepote \/ Colloquium Awakening Beauty<\/strong><\/p>\n<p class=\"avf\">V sodelovanju z \/ In cooperation with National University of Ireland, Galway<\/p>\n<p class=\"dfj\">Irska nacionalna univerza v Galwayu in Narodna galerija sta organizirali kolokvij ob razstavi Prebujanje lepote \u2013 Zbirka viktorijanske umetnosti Crowther-Oblak.<\/p>\n<p>Colloquium accompanying the exhibition Awakening beauty \u2013 Art of the 19 Century Crowther-Oblak, organised by the National University of Ireland, Galway and the National Gallery of Slovenia.<\/p>\n<p class=\"datum\" align=\"center\"><strong>2013<\/strong><\/p>\n<p class=\"datum1\">17. OKTOBER 2013<\/p>\n<p class=\"avf\">Simpozij Slovenskega dru\u0161tva za estetiko in Zavoda Maska: \u00bbUmetnost in \u017eivljenje: Produkcije \u010dasovnosti v umetnosti\u00ab, Muzej sodobne umetnosti Metelkova, Ljubljana<\/p>\n<p class=\"dfj\">Letos, ob 20. obletnici ustanovitve Zavoda Maska, imamo v rokah dve novi knjigi, Mi\u0161ka \u0160uvakovi\u0107a <i>Umetnost in politika<\/i> in Bojane Kunst <i>Umetnik na delu<\/i>. Obe segata onkraj umetni\u0161kega izdelka, in imata v tem seganju \u010dez in preko tudi tesno medsebojno povezavo. Zavod Maska in Slovensko dru\u0161tvo za estetiko, s katerima sta avtorja \u017ee dlje \u010dasa povezana, sklicujeta o in ob obeh knjigah simpozij <b>Umetnost in \u017eivljenje: Produkcije \u010dasovnosti v umetnosti<\/b>.<\/p>\n<p class=\"dfj\"><span class=\"datum\"><u>Dogodek je potekal 17. oktobra v prostorih MSUM, od 9.45 do 18. ure<\/u>.<\/span> <span class=\"dfj\">(<a href=\"http:\/\/sde.splet.arnes.si\/files\/2015\/07\/Program-simpozija-umetnost-in-zivljenje_2013.pdf\" target=\"_blank\">PROGRAM<\/a> \/ <a href=\"http:\/\/sde.splet.arnes.si\/files\/2015\/07\/Povzetki-simpozij-17.10.2013.pdf\" target=\"_blank\">POVZETKI<\/a><\/span>)<\/p>\n<p class=\"avf\" align=\"justify\"><span class=\"datum1\">30. SEPTEMBER 2013<\/span><\/p>\n<p class=\"style3\">predavanje izr. prof. dr. Stephena Crockerja z Univerze v Novi Fundlandiji: &#8220;Katerikoli-trenutek-z\u030ce: Medij, mehanizem in c\u030cas pri Bergsonu&#8221;, Filozofska fakulteta Univerze v Ljubljani<\/p>\n<p class=\"dfj\">Ne le, da je Henri Bergson spet pris\u030cel (c\u030ce je sploh kdaj ods\u030cel) med najbolj zanimive filozofe znanosti in posebej c\u030casa, ampak je tudi Stephen Crocker eden najboljs\u030cih poznavalcev tako Bergsona na tem podroc\u030cju, kot tudi filozofskih in socialnih implikacij novih medijev, posebej skozi c\u030casovnost. Predavanje je pripravljeno v sodelovanju s Slovenskim drus\u030ctvom za estetiko.\u00a0<strong><a href=\"http:\/\/www.sde.si\/vabilo%20crocker%2030%209%202013%201.pdf\">(ve\u010d o dogodku)<\/a><\/strong><\/p>\n<hr align=\"center\" size=\"1\" width=\"300\" \/>\n<p class=\"datum1\">26\u201428 SEPTEMBER 2013<\/p>\n<p class=\"datum1\"><a href=\"http:\/\/sde.splet.arnes.si\/files\/2015\/07\/fb_header.jpg\"><img loading=\"lazy\" decoding=\"async\" class=\"alignnone size-large wp-image-227\" src=\"http:\/\/sde.splet.arnes.si\/files\/2015\/07\/fb_header-1024x379.jpg\" alt=\"fb_header\" width=\"625\" height=\"231\" srcset=\"https:\/\/www.sde.si\/files\/2015\/07\/fb_header-1024x379.jpg 1024w, https:\/\/www.sde.si\/files\/2015\/07\/fb_header-300x111.jpg 300w, https:\/\/www.sde.si\/files\/2015\/07\/fb_header-624x231.jpg 624w, https:\/\/www.sde.si\/files\/2015\/07\/fb_header.jpg 1772w\" sizes=\"auto, (max-width: 625px) 100vw, 625px\" \/><\/a><\/p>\n<p class=\"avf\"><strong>41. tradicionalni letni kolokvij dru\u0161tva &#8220;Estetika in vesolje&#8221;, v sodelovanju s Kulturnim sredi\u0161\u010dem evropskih vesoljskih tehnologij, Vitanje<\/strong> \/ 41st International Colloquium of Slovenian Society of Aesthetics: &#8220;Aesthetics and Space&#8221;, in collaboration with KSEVT, Vitanje<\/p>\n<p class=\"dfj\">Strukturne spremembe v umetnosti ob kon\u010devanju modernizma so pripravile osnovo za to, da je v enaindvajseto stoletje umetnost stopila z ambicioznim projektiranjem prepletanja umetnosti in znanosti, ki se pogosto zgleduje po zgodovinskih avantgardah, vendar je v marsi\u010dem specifi\u010dno sodobno. Na posvetu nas bo zanimalo, v kak\u0161nem smislu je bilo vesolje raziskovano v umetnosti zgodovinskih avantgard in kako se vklju\u010duje v sodobno umetnost. Kako se estetika vesolja, raziskovanja vesolja in vednost o vesolju vpijajo v sodobno kulturo ter kako vzvratno kulturaliziramo vesolje. Kaj pomeni spremenjena koncepcija prostora in \u010dasa danes, kako je biti kozmonavt ter kako so v preteklosti in kako danes dojemamo lebdenje. <strong><a href=\"http:\/\/www.sde.si\/Publikacija_press-1.pdf\">(ve\u010d o dogodku)<\/a><\/strong><\/p>\n<p class=\"dfj\"><a href=\"http:\/\/sde.splet.arnes.si\/files\/2015\/07\/program.jpg\"><img loading=\"lazy\" decoding=\"async\" class=\"alignnone wp-image-226 size-large\" src=\"http:\/\/sde.splet.arnes.si\/files\/2015\/07\/program-1024x637.jpg\" alt=\"program\" width=\"625\" height=\"389\" srcset=\"https:\/\/www.sde.si\/files\/2015\/07\/program-1024x637.jpg 1024w, https:\/\/www.sde.si\/files\/2015\/07\/program-300x187.jpg 300w, https:\/\/www.sde.si\/files\/2015\/07\/program-624x388.jpg 624w, https:\/\/www.sde.si\/files\/2015\/07\/program.jpg 1034w\" sizes=\"auto, (max-width: 625px) 100vw, 625px\" \/><\/a><\/p>\n<p class=\"datum\" align=\"left\"><span class=\"avf\"><span class=\"datum1\">22. AVGUST 2013<\/span><\/span><\/p>\n<p class=\"style3\" align=\"justify\">Predavanje in predstavitev nove knjige Terryja Smitha: <em>Sodobna umetnost in sodobnost<\/em><\/p>\n<p class=\"style3\">V zbirki Eseji Slovenskega dru\u0161tva likovnih umetnikov je pravkar iz\u0161la knjiga esejev avstralsko-ameri\u0161kega umetnostnega teoretika in kritika Terryja Smitha. Smith, ki je profesor sodobne umetnostne zgodovine in teorije na univerzi v Pittsburghu, je po svojem zgodnjem sodelovanju s skupino Art &amp; Language in svojimi \u0161tudijami arhitekture postal \u0161ir\u0161i javnosti znan s projektom in nato knjigo <em>Antinomije umetnosti in kulture: modernost, postmodernost, sodobnost<\/em> (2008). Njegova nadaljnja pomembna dela so <em>Kaj je sodobna umetnost?<\/em> (2009), <em>Sodobna umetnost: svetovni tokovi<\/em>(2012) ter <em>Misliti sodobno kuriranje<\/em> (2012). V pripravi je knjiga <em>Sodobnost<\/em> (2014).<\/p>\n<p class=\"style3\">Smith zagovarja stali\u0161\u010de \u2013 ki nekoliko spominja na Ranci\u00e8rovo nadomestitev modernizma in postmodernizma s konceptom \u00bbestetskega re\u017eima umetnosti\u00ab \u2013 da je modernizem neustrezen koncept, kar naj bi \u0161e toliko bolj veljalo za postmodernizem. Da bi uveljavil svoje razumevanje sodobnosti in sodobne umetnosti kot univerzalisti\u010dnih konceptov, izpelje obse\u017eno in temeljito \u0161tudijo sodobne svetovne umetnosti. \u010ce je v zborniku iz leta 2008 nekaj soavtorjev izrazilo svojo skepso do Smithovega privilegiranja sodobnosti, so bila njegova novej\u0161a dela dele\u017ena splo\u0161nej\u0161ega sprejemanja. V teh knjigah precej temeljito obravnava tudi novej\u0161o umetnost na\u0161ega prostora.<\/p>\n<p class=\"style3\">Slovenska knjiga esejev Terryja Smitha prina\u0161a avtorjev uvod ter \u0161tiri eseje. Predgovor je napisal Ale\u0161 Erjavec, ki je knjigo tudi uredil.<\/p>\n<p class=\"datum\" align=\"center\"><span class=\"datum2\"><span class=\"datum\"><strong>2012<\/strong><\/span><\/span><\/p>\n<p class=\"avf\" align=\"justify\"><span class=\"datum1\">10. &#8211; 13. OKTOBER 2012<\/span><\/p>\n<p class=\"avf\">40. mednarodni kolokvij \/ 40th International Colloquium: &#8220;Prese\u017ena umetnost: umetnost \u2013 znanost \u2013 filozofija&#8221;\/ &#8220;Surplus Art: Art \u2013 Science \u2013 Philosophy&#8221; <a href=\"http:\/\/www.sde.si\/2012.html\">(ve\u010d \/ details)<\/a><\/p>\n<hr align=\"center\" size=\"1\" width=\"300\" \/>\n<p class=\"avf1\" align=\"justify\"><span class=\"datum1\">26. JUNIJ 2012 OB 18. URI<\/span><\/p>\n<p class=\"NAVADNO\" align=\"justify\"><a href=\"http:\/\/sde.splet.arnes.si\/files\/2015\/07\/Gao-Photo2.png\"><img loading=\"lazy\" decoding=\"async\" class=\"alignnone size-full wp-image-225\" src=\"http:\/\/sde.splet.arnes.si\/files\/2015\/07\/Gao-Photo2.png\" alt=\"Gao-Photo2\" width=\"107\" height=\"127\" \/><\/a><\/p>\n<p class=\"NAVADNO\" align=\"justify\">prof. Gao Jianping &#8211; predavanjev z naslovom <em>&#8220;Renesansa estetike na Kitajskem&#8221; \/ &#8220;The Revival of Aesthetics in China&#8221; &#8211;<\/em> avditorij Moderne galerije <a href=\"http:\/\/www.sde.si\/Vabilo%20Jianping%20Moderna.pdf\">(ve\u010d \/ details)<\/a><\/p>\n<p class=\"datum2\" align=\"left\"><span class=\"datum1\">28. DO 30. JUNIJ 2012<\/span><\/p>\n<p class=\"avf\" align=\"left\"><span class=\"avf1\">Konferenca Mednarodne zveze za estetiko od 28. do 30. Junija 2012 \/ International Association of aesthetics conference 28 &#8211; 30 June 2012 Tema: &#8220;Narava in mesto&#8221; \/ Theme: &#8220;Nature and the City&#8221; Poziv k oddaji prispevkov \/ Call for papers <a href=\"http:\/\/www.sde.si\/CALL%20FOR%20PAPERS%20IAA%20CONFERENCE%2028%E2%80%93%2030%20June%202012.pdf\">(ve\u010d\/ details)<\/a><\/span><\/p>\n<p class=\"datum\" align=\"center\"><strong>2011<\/strong><\/p>\n<p class=\"NAVADNO\" align=\"left\"><strong><span id=\"apDivDATUM\">8. 11. ob 13.00<\/span> &#8211; <\/strong>SRE\u010cANJE s prof. dr. Mi\u0161kom \u0160uvakovi\u010d <a class=\"avf\" href=\"http:\/\/www.sde.si\/vabilo_obisk_Univerze_umetnosti_Bg_UL_FF_8_11_2011-1.pdf\">(pdf. vabilo) <\/a>Vabimo vas, da se v torek, 8. novembra 2011 udele\u017eite sre\u010danja s prof. dr. Mi\u0161kom \u0160uvakovi\u0107em in doktorskimi \u0161tudentkami in \u0161tudenti Univerze umetnosti iz Beograda. Sre\u010danja se bosta udele\u017eili tudi dr. Mojca Puncer (Univerza v Mariboru) in dr. Polona Tratnik (Univerza na Primorskem). Na sre\u010danju bodo doktorski \u0161tudentke in \u0161tudentje Univerze umetnosti Rade Panti\u0107, Andrija Filipovi\u0107, Bojana Mateji\u0107, Dragana Stojanovi\u0107, Aneta Stojni\u0107 in \u017deljka Pje\u0161ivac predstavili svoje doktorske raziskave, osrednja tema razprave pa bo sodobna umetnosti in teorije sodobne umetnosti.<\/p>\n<hr align=\"center\" size=\"1\" width=\"300\" \/>\n<p class=\"NAVADNO\" align=\"left\"><span class=\"datum\"><strong>9.11. ob 18.00<\/strong><\/span> <span class=\"NAVADNO\"><strong>&#8211; <\/strong>PREDAVANJE prof. dr. Mi\u0161ka \u0160uvakovi\u010da in predstavitev projekta<em> Las in vitro<\/em> Polone Tratnik s sodelavci <a class=\"avf\" href=\"http:\/\/www.sde.si\/vabilo_Suvakovic_Surplus_Art_Las_in_vitro_9_11_2011.pdf\">(pdf. vabilo)<\/a><\/span><\/p>\n<p class=\"NAVADNO\" align=\"left\">Horizonti, zavod za umetnost, kulturo, znanost in izobra\u017eevanje v sodelovanju z Galerijo Kapelico in Slovenskim dru\u0161tvom za estetiko organizira predavanje prof. dr. Mi\u0161ka \u0160uvakovi\u0107a k istoimenski monografiji z naslovom: Surplus LIFE filozofija savremene tranzicijske umetnosti i forme \u017eivota povodom umetni\u010dkih produkcija Polone Tratnik in predstavitev aktualnih rezultatov projekta Las in vitro Polone Tratnik s sodelavci z debatnim ve\u010derom. Dogodek bo v sredo, 9. 11. 2011 ob 18. uri v Galeriji Kapelica, Kersnikova 4, Ljubljana.<\/p>\n<hr align=\"center\" width=\"300\" \/>\n<p class=\"NAVADNO\" align=\"left\"><span class=\"datum\"><strong>10. 11. ob 17.00 <\/strong><\/span>&#8211; PREDSTAVITEV KNJIGE dr.Mojce Puncer, <em>Sodobnost in estetika<\/em> <a class=\"avf\" href=\"http:\/\/www.sde.si\/Vabilo_predstavitev%20Sodobna%20umetnost%20in%20estetika_THL_10_11_2011.pdf\">(pdf.vabilo)<\/a><\/p>\n<p class=\"NAVADNO\" align=\"left\">VABILO na pogovor ob predstavitvi monografije dr. Mojce Puncer Sodobna umetnost in estetika, v \u010detrtek, 10. novembra 2011, v Trubarjevi hi\u0161i literature, Stritarjeva 7, Ljubljana, ob 17. uri.<\/p>\n","protected":false},"excerpt":{"rendered":"<p>2015 27.-28 NOVEMBER 2015 Mednarodna \u00a0konferenca Estetski re\u017eim umetnosti: razse\u017enosti Ranci\u00e8rove teorije International conference The Aesthetic Regime of Art: Dimensions of Ranci\u00e8re\u2019s Theory 2014 26. NOVEMBER 2014 Simpozij Umetnost in marksisti\u010dna teorija v kontekstu kritike politi\u010dne ekonomije 20. OKTOBER 2014 Kolokvij Prebujanje lepote \/ Colloquium Awakening Beauty V sodelovanju z \/ In cooperation with National [&hellip;]<\/p>\n","protected":false},"author":5743,"featured_media":0,"parent":0,"menu_order":0,"comment_status":"closed","ping_status":"closed","template":"page-templates\/full-width.php","meta":{"ngg_post_thumbnail":0,"footnotes":""},"class_list":["post-46","page","type-page","status-publish","hentry"],"_links":{"self":[{"href":"https:\/\/www.sde.si\/index.php?rest_route=\/wp\/v2\/pages\/46","targetHints":{"allow":["GET"]}}],"collection":[{"href":"https:\/\/www.sde.si\/index.php?rest_route=\/wp\/v2\/pages"}],"about":[{"href":"https:\/\/www.sde.si\/index.php?rest_route=\/wp\/v2\/types\/page"}],"author":[{"embeddable":true,"href":"https:\/\/www.sde.si\/index.php?rest_route=\/wp\/v2\/users\/5743"}],"replies":[{"embeddable":true,"href":"https:\/\/www.sde.si\/index.php?rest_route=%2Fwp%2Fv2%2Fcomments&post=46"}],"version-history":[{"count":9,"href":"https:\/\/www.sde.si\/index.php?rest_route=\/wp\/v2\/pages\/46\/revisions"}],"predecessor-version":[{"id":234,"href":"https:\/\/www.sde.si\/index.php?rest_route=\/wp\/v2\/pages\/46\/revisions\/234"}],"wp:attachment":[{"href":"https:\/\/www.sde.si\/index.php?rest_route=%2Fwp%2Fv2%2Fmedia&parent=46"}],"curies":[{"name":"wp","href":"https:\/\/api.w.org\/{rel}","templated":true}]}}